{"id":525,"date":"2021-02-23T05:12:30","date_gmt":"2021-02-23T05:12:30","guid":{"rendered":"https:\/\/www.zionhealthcarellc.com\/?page_id=525"},"modified":"2021-03-19T18:05:21","modified_gmt":"2021-03-19T18:05:21","slug":"acerca","status":"publish","type":"page","link":"https:\/\/zionhealthcarellc.com\/es\/acerca","title":{"rendered":"Acerca"},"content":{"rendered":"","protected":false},"excerpt":{"rendered":"","protected":false},"author":3,"featured_media":527,"parent":0,"menu_order":0,"comment_status":"closed","ping_status":"closed","template":"template-about.php","meta":{"footnotes":""},"class_list":["post-525","page","type-page","status-publish","has-post-thumbnail","hentry"],"yoast_head":"<!-- This site is optimized with the Yoast SEO plugin v25.9 - https:\/\/yoast.com\/wordpress\/plugins\/seo\/ -->\n<title>Acerca - Zion Health Care LLC<\/title>\n<meta name=\"description\" content=\"Zion Healthcare LLC en Miami, FL ha estado en pr\u00e1ctica desde 2011 y nuestro equipo tiene m\u00e1s de 80 a\u00f1os de experiencia. Esto nos ha permitido desarrollar el conocimiento y las habilidades necesarias para brindar una atenci\u00f3n superior a nuestros pacientes de diversas edades y con diferentes problemas de salud. Cont\u00e1ctenos.\" \/>\n<meta name=\"robots\" content=\"index, follow, max-snippet:-1, max-image-preview:large, max-video-preview:-1\" \/>\n<link rel=\"canonical\" href=\"https:\/\/zionhealthcarellc.com\/es\/acerca\" \/>\n<meta property=\"og:locale\" content=\"es_ES\" \/>\n<meta property=\"og:type\" content=\"article\" \/>\n<meta property=\"og:title\" content=\"Acerca - Zion Health Care LLC\" \/>\n<meta property=\"og:description\" content=\"Zion Healthcare LLC en Miami, FL ha estado en pr\u00e1ctica desde 2011 y nuestro equipo tiene m\u00e1s de 80 a\u00f1os de experiencia. Esto nos ha permitido desarrollar el conocimiento y las habilidades necesarias para brindar una atenci\u00f3n superior a nuestros pacientes de diversas edades y con diferentes problemas de salud. Cont\u00e1ctenos.\" \/>\n<meta property=\"og:url\" content=\"https:\/\/zionhealthcarellc.com\/es\/acerca\" \/>\n<meta property=\"og:site_name\" content=\"Zion Health Care LLC\" \/>\n<meta property=\"article:modified_time\" content=\"2021-03-19T18:05:21+00:00\" \/>\n<meta property=\"og:image\" content=\"https:\/\/7h9e64.p3cdn1.secureserver.net\/wp-content\/uploads\/2021\/02\/zion-about.jpg?time=1694113218\" \/>\n\t<meta property=\"og:image:width\" content=\"1500\" \/>\n\t<meta property=\"og:image:height\" content=\"653\" \/>\n\t<meta property=\"og:image:type\" content=\"image\/jpeg\" \/>\n<meta name=\"twitter:card\" content=\"summary_large_image\" \/>\n<meta name=\"twitter:image\" content=\"https:\/\/zionhealthcarellc.com\/wp-content\/uploads\/2021\/02\/zion-about.jpg\" \/>\n<script type=\"application\/ld+json\" class=\"yoast-schema-graph\">{\"@context\":\"https:\/\/schema.org\",\"@graph\":[{\"@type\":\"WebPage\",\"@id\":\"https:\/\/zionhealthcarellc.com\/es\/acerca\",\"url\":\"https:\/\/zionhealthcarellc.com\/es\/acerca\",\"name\":\"Acerca - Zion Health Care LLC\",\"isPartOf\":{\"@id\":\"https:\/\/zionhealthcarellc.com\/es#website\"},\"primaryImageOfPage\":{\"@id\":\"https:\/\/zionhealthcarellc.com\/es\/acerca#primaryimage\"},\"image\":{\"@id\":\"https:\/\/zionhealthcarellc.com\/es\/acerca#primaryimage\"},\"thumbnailUrl\":\"https:\/\/zionhealthcarellc.com\/wp-content\/uploads\/2021\/02\/zion-about.jpg\",\"datePublished\":\"2021-02-23T05:12:30+00:00\",\"dateModified\":\"2021-03-19T18:05:21+00:00\",\"description\":\"Zion Healthcare LLC en Miami, FL ha estado en pr\u00e1ctica desde 2011 y nuestro equipo tiene m\u00e1s de 80 a\u00f1os de experiencia. Esto nos ha permitido desarrollar el conocimiento y las habilidades necesarias para brindar una atenci\u00f3n superior a nuestros pacientes de diversas edades y con diferentes problemas de salud. Cont\u00e1ctenos.\",\"breadcrumb\":{\"@id\":\"https:\/\/zionhealthcarellc.com\/es\/acerca#breadcrumb\"},\"inLanguage\":\"es\",\"potentialAction\":[{\"@type\":\"ReadAction\",\"target\":[\"https:\/\/zionhealthcarellc.com\/es\/acerca\"]}]},{\"@type\":\"ImageObject\",\"inLanguage\":\"es\",\"@id\":\"https:\/\/zionhealthcarellc.com\/es\/acerca#primaryimage\",\"url\":\"https:\/\/zionhealthcarellc.com\/wp-content\/uploads\/2021\/02\/zion-about.jpg\",\"contentUrl\":\"https:\/\/zionhealthcarellc.com\/wp-content\/uploads\/2021\/02\/zion-about.jpg\",\"width\":1500,\"height\":653},{\"@type\":\"BreadcrumbList\",\"@id\":\"https:\/\/zionhealthcarellc.com\/es\/acerca#breadcrumb\",\"itemListElement\":[{\"@type\":\"ListItem\",\"position\":1,\"name\":\"Home\",\"item\":\"https:\/\/zionhealthcarellc.com\/es\"},{\"@type\":\"ListItem\",\"position\":2,\"name\":\"Acerca\"}]},{\"@type\":\"WebSite\",\"@id\":\"https:\/\/zionhealthcarellc.com\/es#website\",\"url\":\"https:\/\/zionhealthcarellc.com\/es\",\"name\":\"Zion Health Care LLC\",\"description\":\"\",\"publisher\":{\"@id\":\"https:\/\/zionhealthcarellc.com\/es#organization\"},\"potentialAction\":[{\"@type\":\"SearchAction\",\"target\":{\"@type\":\"EntryPoint\",\"urlTemplate\":\"https:\/\/zionhealthcarellc.com\/es?s={search_term_string}\"},\"query-input\":{\"@type\":\"PropertyValueSpecification\",\"valueRequired\":true,\"valueName\":\"search_term_string\"}}],\"inLanguage\":\"es\"},{\"@type\":\"Organization\",\"@id\":\"https:\/\/zionhealthcarellc.com\/es#organization\",\"name\":\"Zion Healthcare LLC\",\"url\":\"https:\/\/zionhealthcarellc.com\/es\",\"logo\":{\"@type\":\"ImageObject\",\"inLanguage\":\"es\",\"@id\":\"https:\/\/zionhealthcarellc.com\/es#\/schema\/logo\/image\/\",\"url\":\"https:\/\/7h9e64.p3cdn1.secureserver.net\/wp-content\/uploads\/2019\/08\/favicon1.png?time=1694185308\",\"contentUrl\":\"https:\/\/7h9e64.p3cdn1.secureserver.net\/wp-content\/uploads\/2019\/08\/favicon1.png?time=1694185308\",\"width\":448,\"height\":449,\"caption\":\"Zion Healthcare LLC\"},\"image\":{\"@id\":\"https:\/\/zionhealthcarellc.com\/es#\/schema\/logo\/image\/\"}}]}<\/script>\n<!-- \/ Yoast SEO plugin. -->","yoast_head_json":{"title":"Acerca - Zion Health Care LLC","description":"Zion Healthcare LLC en Miami, FL ha estado en pr\u00e1ctica desde 2011 y nuestro equipo tiene m\u00e1s de 80 a\u00f1os de experiencia. Esto nos ha permitido desarrollar el conocimiento y las habilidades necesarias para brindar una atenci\u00f3n superior a nuestros pacientes de diversas edades y con diferentes problemas de salud. Cont\u00e1ctenos.","robots":{"index":"index","follow":"follow","max-snippet":"max-snippet:-1","max-image-preview":"max-image-preview:large","max-video-preview":"max-video-preview:-1"},"canonical":"https:\/\/zionhealthcarellc.com\/es\/acerca","og_locale":"es_ES","og_type":"article","og_title":"Acerca - Zion Health Care LLC","og_description":"Zion Healthcare LLC en Miami, FL ha estado en pr\u00e1ctica desde 2011 y nuestro equipo tiene m\u00e1s de 80 a\u00f1os de experiencia. Esto nos ha permitido desarrollar el conocimiento y las habilidades necesarias para brindar una atenci\u00f3n superior a nuestros pacientes de diversas edades y con diferentes problemas de salud. Cont\u00e1ctenos.","og_url":"https:\/\/zionhealthcarellc.com\/es\/acerca","og_site_name":"Zion Health Care LLC","article_modified_time":"2021-03-19T18:05:21+00:00","og_image":[{"width":1500,"height":653,"url":"https:\/\/7h9e64.p3cdn1.secureserver.net\/wp-content\/uploads\/2021\/02\/zion-about.jpg?time=1694113218","type":"image\/jpeg"}],"twitter_card":"summary_large_image","twitter_image":"https:\/\/zionhealthcarellc.com\/wp-content\/uploads\/2021\/02\/zion-about.jpg","schema":{"@context":"https:\/\/schema.org","@graph":[{"@type":"WebPage","@id":"https:\/\/zionhealthcarellc.com\/es\/acerca","url":"https:\/\/zionhealthcarellc.com\/es\/acerca","name":"Acerca - Zion Health Care LLC","isPartOf":{"@id":"https:\/\/zionhealthcarellc.com\/es#website"},"primaryImageOfPage":{"@id":"https:\/\/zionhealthcarellc.com\/es\/acerca#primaryimage"},"image":{"@id":"https:\/\/zionhealthcarellc.com\/es\/acerca#primaryimage"},"thumbnailUrl":"https:\/\/zionhealthcarellc.com\/wp-content\/uploads\/2021\/02\/zion-about.jpg","datePublished":"2021-02-23T05:12:30+00:00","dateModified":"2021-03-19T18:05:21+00:00","description":"Zion Healthcare LLC en Miami, FL ha estado en pr\u00e1ctica desde 2011 y nuestro equipo tiene m\u00e1s de 80 a\u00f1os de experiencia. Esto nos ha permitido desarrollar el conocimiento y las habilidades necesarias para brindar una atenci\u00f3n superior a nuestros pacientes de diversas edades y con diferentes problemas de salud. Cont\u00e1ctenos.","breadcrumb":{"@id":"https:\/\/zionhealthcarellc.com\/es\/acerca#breadcrumb"},"inLanguage":"es","potentialAction":[{"@type":"ReadAction","target":["https:\/\/zionhealthcarellc.com\/es\/acerca"]}]},{"@type":"ImageObject","inLanguage":"es","@id":"https:\/\/zionhealthcarellc.com\/es\/acerca#primaryimage","url":"https:\/\/zionhealthcarellc.com\/wp-content\/uploads\/2021\/02\/zion-about.jpg","contentUrl":"https:\/\/zionhealthcarellc.com\/wp-content\/uploads\/2021\/02\/zion-about.jpg","width":1500,"height":653},{"@type":"BreadcrumbList","@id":"https:\/\/zionhealthcarellc.com\/es\/acerca#breadcrumb","itemListElement":[{"@type":"ListItem","position":1,"name":"Home","item":"https:\/\/zionhealthcarellc.com\/es"},{"@type":"ListItem","position":2,"name":"Acerca"}]},{"@type":"WebSite","@id":"https:\/\/zionhealthcarellc.com\/es#website","url":"https:\/\/zionhealthcarellc.com\/es","name":"Zion Health Care LLC","description":"","publisher":{"@id":"https:\/\/zionhealthcarellc.com\/es#organization"},"potentialAction":[{"@type":"SearchAction","target":{"@type":"EntryPoint","urlTemplate":"https:\/\/zionhealthcarellc.com\/es?s={search_term_string}"},"query-input":{"@type":"PropertyValueSpecification","valueRequired":true,"valueName":"search_term_string"}}],"inLanguage":"es"},{"@type":"Organization","@id":"https:\/\/zionhealthcarellc.com\/es#organization","name":"Zion Healthcare LLC","url":"https:\/\/zionhealthcarellc.com\/es","logo":{"@type":"ImageObject","inLanguage":"es","@id":"https:\/\/zionhealthcarellc.com\/es#\/schema\/logo\/image\/","url":"https:\/\/7h9e64.p3cdn1.secureserver.net\/wp-content\/uploads\/2019\/08\/favicon1.png?time=1694185308","contentUrl":"https:\/\/7h9e64.p3cdn1.secureserver.net\/wp-content\/uploads\/2019\/08\/favicon1.png?time=1694185308","width":448,"height":449,"caption":"Zion Healthcare LLC"},"image":{"@id":"https:\/\/zionhealthcarellc.com\/es#\/schema\/logo\/image\/"}}]}},"meta_box":{"zhcllc-hero-slides":[],"zhcllc-services-section-title":"","zhcllc-services-section-description":"","zhcllc-services-section-items":[],"zhcllc-about-cards-items":[],"zhcllc-testimonials-items":[],"zhcllc-services-cards":[],"zhcllc-about-mission-header":"Nuestra Misi\u00f3n","zhcllc-about-mission-description":"<p>En Zion Health Care, trabajamos con el paciente en mente, siempre poni\u00e9ndolos en el centro de todo lo que hacemos. Nuestro equipo de m\u00e9dicos y personal entiende que todos tenemos necesidades diferentes y estamos comprometidos en ofrecerle la mejor atenci\u00f3n m\u00e9dica\u00a0personalizada. No solo queremos tener un impacto positivo en las vidas de nuestros pacientes, sino queremos adem\u00e1s ser un recurso para nuestra comunidad.<\/p><p>Nuestros profesionales son apasionados y extensamente capacitados, siempre a la vanguardia de las nuevas t\u00e9cnicas de atenci\u00f3n m\u00e9dica, para garantizar que todos los pacientes reciban la mejor atenci\u00f3n. \u00a0En Zion Health Care queremos ayudar a nuestros pacientes a mejorar y mantener su salud.<\/p>","zhcllc-faq-header":"Preguntas Frecuentes","zhcllc-faq-items":[{"zhcllc-faq-item-title":"\u00bfZion Health Care provee transporte?","zhcllc-faq-item-description":"<p>S\u00ed, Zion Health Care ofrece servicios de transporte gratuitos a sus instalaciones con conductores amables y confiables<\/p>"},{"zhcllc-faq-item-title":"\u00bfQu\u00e9 necesito llevar a mi visita m\u00e9dica inicial?","zhcllc-faq-item-description":"<p>Para cada visita a Zion Health Care, traiga una identificaci\u00f3n emitida por el gobierno, as\u00ed como cualquier prueba de seguro primario y secundario. Adem\u00e1s, traiga una lista de los medicamentos, y la informaci\u00f3n de atenci\u00f3n m\u00e9dica recibida anteriormente.<\/p>"},{"zhcllc-faq-item-title":"\u00bfOfrecen citas el mismo d\u00eda?","zhcllc-faq-item-description":"<p>S\u00ed, ofrecemos citas el mismo d\u00eda para muchos de nuestros servicios m\u00e9dicos. Llame hoy para confirmar disponibilidad.<\/p>"},{"zhcllc-faq-item-title":"\u00bfAceptan visitas sin cita previa?","zhcllc-faq-item-description":"<p>\u00a1S\u00ed!<\/p>"},{"zhcllc-faq-item-title":"\u00bfQu\u00e9 seguro aceptan?","zhcllc-faq-item-description":"<p>Aceptamos Medicaid, Medicare y todas los HMOs. Ll\u00e1menos hoy para confirmar los beneficios de su seguro.<\/p>"}],"zhcllc-resources-header":"Recursos","zhcllc-resources-items":[{"zhcllc-resources-item-title":"Florida Health Department","zhcllc-resources-item-url":"http:\/\/www.doh.state.fl.us\/"},{"zhcllc-resources-item-title":"Medicare HMO","zhcllc-resources-item-url":"http:\/\/www.medicarehmo.com\/"},{"zhcllc-resources-item-title":"Florida Department of Children and Families","zhcllc-resources-item-url":"https:\/\/www.myflorida.com\/accessflorida\/"},{"zhcllc-resources-item-title":"American Academy of Pediatrics","zhcllc-resources-item-url":"http:\/\/www.aap.org\/"},{"zhcllc-resources-item-title":"American Dietetic Association","zhcllc-resources-item-url":"http:\/\/www.eatright.org\/"},{"zhcllc-resources-item-title":"American Diabetes Association","zhcllc-resources-item-url":"http:\/\/www.diabetes.org\/"},{"zhcllc-resources-item-title":"American Heart Association","zhcllc-resources-item-url":"http:\/\/www.heart.org\/"},{"zhcllc-resources-item-title":"American Medical Women's Association","zhcllc-resources-item-url":"http:\/\/www.amwa-doc.org\/"},{"zhcllc-resources-item-title":"American Association of Retired Persons","zhcllc-resources-item-url":"http:\/\/www.aarp.org\/"},{"zhcllc-resources-item-title":"American Speech-Language_Hearing Association","zhcllc-resources-item-url":"http:\/\/www.asha.org\/"},{"zhcllc-resources-item-title":"Arthritis Society","zhcllc-resources-item-url":"http:\/\/www.arthritis.org\/"},{"zhcllc-resources-item-title":"Infections Diseases Society of America","zhcllc-resources-item-url":"http:\/\/www.idsociety.org\/"}],"zhcllc-careers-header":"Carreras","zhcllc-careers-description":"<p id=\"tw-target-text\" class=\"tw-data-text tw-text-large XcVN5d tw-ta\" dir=\"ltr\" data-placeholder=\"Traducci\u00f3n\"><span lang=\"es\">\u00bfEst\u00e1 interesado en unirse a la familia de Zion Health Care? Env\u00ede un correo electr\u00f3nico a <a href=\"mailto:jmarrero@zionhealthcarellc.com\">jmarrero@zionhealthcarellc.com<\/a> para solicitar informaci\u00f3n sobre puestos vacantes.<\/span><\/p>"},"_links":{"self":[{"href":"https:\/\/zionhealthcarellc.com\/es\/wp-json\/wp\/v2\/pages\/525","targetHints":{"allow":["GET"]}}],"collection":[{"href":"https:\/\/zionhealthcarellc.com\/es\/wp-json\/wp\/v2\/pages"}],"about":[{"href":"https:\/\/zionhealthcarellc.com\/es\/wp-json\/wp\/v2\/types\/page"}],"author":[{"embeddable":true,"href":"https:\/\/zionhealthcarellc.com\/es\/wp-json\/wp\/v2\/users\/3"}],"replies":[{"embeddable":true,"href":"https:\/\/zionhealthcarellc.com\/es\/wp-json\/wp\/v2\/comments?post=525"}],"version-history":[{"count":1,"href":"https:\/\/zionhealthcarellc.com\/es\/wp-json\/wp\/v2\/pages\/525\/revisions"}],"predecessor-version":[{"id":526,"href":"https:\/\/zionhealthcarellc.com\/es\/wp-json\/wp\/v2\/pages\/525\/revisions\/526"}],"wp:featuredmedia":[{"embeddable":true,"href":"https:\/\/zionhealthcarellc.com\/es\/wp-json\/wp\/v2\/media\/527"}],"wp:attachment":[{"href":"https:\/\/zionhealthcarellc.com\/es\/wp-json\/wp\/v2\/media?parent=525"}],"curies":[{"name":"wp","href":"https:\/\/api.w.org\/{rel}","templated":true}]}}