{"id":523,"date":"2021-02-23T05:04:12","date_gmt":"2021-02-23T05:04:12","guid":{"rendered":"https:\/\/www.zionhealthcarellc.com\/?page_id=523"},"modified":"2025-09-14T14:09:21","modified_gmt":"2025-09-14T14:09:21","slug":"servicios","status":"publish","type":"page","link":"https:\/\/zionhealthcarellc.com\/es\/servicios","title":{"rendered":"Servicios"},"content":{"rendered":"","protected":false},"excerpt":{"rendered":"","protected":false},"author":3,"featured_media":0,"parent":0,"menu_order":0,"comment_status":"closed","ping_status":"closed","template":"template-services.php","meta":{"footnotes":""},"class_list":["post-523","page","type-page","status-publish","hentry"],"yoast_head":"<!-- This site is optimized with the Yoast SEO plugin v25.9 - https:\/\/yoast.com\/wordpress\/plugins\/seo\/ -->\n<title>Servicios - Zion Health Care LLC<\/title>\n<meta name=\"description\" content=\"En Zion Healthcare LLC en Miami, FL, siempre nos esforzamos por brindar a nuestros pacientes la atenci\u00f3n m\u00e9dica de primer nivel que merecen. Tambi\u00e9n ofrecemos asistencia muy necesaria a trav\u00e9s de nuestros servicios sociales, transporte complementario, entre otros. Si est\u00e1 interesado, p\u00f3ngase en contacto con nosotros hoy mismo para obtener m\u00e1s informaci\u00f3n.\" \/>\n<meta name=\"robots\" content=\"index, follow, max-snippet:-1, max-image-preview:large, max-video-preview:-1\" \/>\n<link rel=\"canonical\" href=\"https:\/\/zionhealthcarellc.com\/es\/servicios\" \/>\n<meta property=\"og:locale\" content=\"es_ES\" \/>\n<meta property=\"og:type\" content=\"article\" \/>\n<meta property=\"og:title\" content=\"Servicios - Zion Health Care LLC\" \/>\n<meta property=\"og:description\" content=\"En Zion Healthcare LLC en Miami, FL, siempre nos esforzamos por brindar a nuestros pacientes la atenci\u00f3n m\u00e9dica de primer nivel que merecen. Tambi\u00e9n ofrecemos asistencia muy necesaria a trav\u00e9s de nuestros servicios sociales, transporte complementario, entre otros. Si est\u00e1 interesado, p\u00f3ngase en contacto con nosotros hoy mismo para obtener m\u00e1s informaci\u00f3n.\" \/>\n<meta property=\"og:url\" content=\"https:\/\/zionhealthcarellc.com\/es\/servicios\" \/>\n<meta property=\"og:site_name\" content=\"Zion Health Care LLC\" \/>\n<meta property=\"article:modified_time\" content=\"2025-09-14T14:09:21+00:00\" \/>\n<meta property=\"og:image\" content=\"http:\/\/zionhealthcarellc.com\/wp-content\/uploads\/2021\/02\/zion-about.jpg\" \/>\n\t<meta property=\"og:image:width\" content=\"1500\" \/>\n\t<meta property=\"og:image:height\" content=\"653\" \/>\n\t<meta property=\"og:image:type\" content=\"image\/jpeg\" \/>\n<meta name=\"twitter:card\" content=\"summary_large_image\" \/>\n<meta name=\"twitter:image\" content=\"https:\/\/zionhealthcarellc.com\/wp-content\/uploads\/2021\/02\/zion-about.jpg\" \/>\n<script type=\"application\/ld+json\" class=\"yoast-schema-graph\">{\"@context\":\"https:\/\/schema.org\",\"@graph\":[{\"@type\":\"WebPage\",\"@id\":\"https:\/\/zionhealthcarellc.com\/es\/servicios\",\"url\":\"https:\/\/zionhealthcarellc.com\/es\/servicios\",\"name\":\"Servicios - Zion Health Care LLC\",\"isPartOf\":{\"@id\":\"https:\/\/zionhealthcarellc.com\/es#website\"},\"datePublished\":\"2021-02-23T05:04:12+00:00\",\"dateModified\":\"2025-09-14T14:09:21+00:00\",\"description\":\"En Zion Healthcare LLC en Miami, FL, siempre nos esforzamos por brindar a nuestros pacientes la atenci\u00f3n m\u00e9dica de primer nivel que merecen. Tambi\u00e9n ofrecemos asistencia muy necesaria a trav\u00e9s de nuestros servicios sociales, transporte complementario, entre otros. Si est\u00e1 interesado, p\u00f3ngase en contacto con nosotros hoy mismo para obtener m\u00e1s informaci\u00f3n.\",\"breadcrumb\":{\"@id\":\"https:\/\/zionhealthcarellc.com\/es\/servicios#breadcrumb\"},\"inLanguage\":\"es\",\"potentialAction\":[{\"@type\":\"ReadAction\",\"target\":[\"https:\/\/zionhealthcarellc.com\/es\/servicios\"]}]},{\"@type\":\"BreadcrumbList\",\"@id\":\"https:\/\/zionhealthcarellc.com\/es\/servicios#breadcrumb\",\"itemListElement\":[{\"@type\":\"ListItem\",\"position\":1,\"name\":\"Home\",\"item\":\"https:\/\/zionhealthcarellc.com\/es\"},{\"@type\":\"ListItem\",\"position\":2,\"name\":\"Servicios\"}]},{\"@type\":\"WebSite\",\"@id\":\"https:\/\/zionhealthcarellc.com\/es#website\",\"url\":\"https:\/\/zionhealthcarellc.com\/es\",\"name\":\"Zion Health Care LLC\",\"description\":\"\",\"publisher\":{\"@id\":\"https:\/\/zionhealthcarellc.com\/es#organization\"},\"potentialAction\":[{\"@type\":\"SearchAction\",\"target\":{\"@type\":\"EntryPoint\",\"urlTemplate\":\"https:\/\/zionhealthcarellc.com\/es?s={search_term_string}\"},\"query-input\":{\"@type\":\"PropertyValueSpecification\",\"valueRequired\":true,\"valueName\":\"search_term_string\"}}],\"inLanguage\":\"es\"},{\"@type\":\"Organization\",\"@id\":\"https:\/\/zionhealthcarellc.com\/es#organization\",\"name\":\"Zion Healthcare LLC\",\"url\":\"https:\/\/zionhealthcarellc.com\/es\",\"logo\":{\"@type\":\"ImageObject\",\"inLanguage\":\"es\",\"@id\":\"https:\/\/zionhealthcarellc.com\/es#\/schema\/logo\/image\/\",\"url\":\"https:\/\/7h9e64.p3cdn1.secureserver.net\/wp-content\/uploads\/2019\/08\/favicon1.png?time=1694185308\",\"contentUrl\":\"https:\/\/7h9e64.p3cdn1.secureserver.net\/wp-content\/uploads\/2019\/08\/favicon1.png?time=1694185308\",\"width\":448,\"height\":449,\"caption\":\"Zion Healthcare LLC\"},\"image\":{\"@id\":\"https:\/\/zionhealthcarellc.com\/es#\/schema\/logo\/image\/\"}}]}<\/script>\n<!-- \/ Yoast SEO plugin. -->","yoast_head_json":{"title":"Servicios - Zion Health Care LLC","description":"En Zion Healthcare LLC en Miami, FL, siempre nos esforzamos por brindar a nuestros pacientes la atenci\u00f3n m\u00e9dica de primer nivel que merecen. Tambi\u00e9n ofrecemos asistencia muy necesaria a trav\u00e9s de nuestros servicios sociales, transporte complementario, entre otros. Si est\u00e1 interesado, p\u00f3ngase en contacto con nosotros hoy mismo para obtener m\u00e1s informaci\u00f3n.","robots":{"index":"index","follow":"follow","max-snippet":"max-snippet:-1","max-image-preview":"max-image-preview:large","max-video-preview":"max-video-preview:-1"},"canonical":"https:\/\/zionhealthcarellc.com\/es\/servicios","og_locale":"es_ES","og_type":"article","og_title":"Servicios - Zion Health Care LLC","og_description":"En Zion Healthcare LLC en Miami, FL, siempre nos esforzamos por brindar a nuestros pacientes la atenci\u00f3n m\u00e9dica de primer nivel que merecen. Tambi\u00e9n ofrecemos asistencia muy necesaria a trav\u00e9s de nuestros servicios sociales, transporte complementario, entre otros. Si est\u00e1 interesado, p\u00f3ngase en contacto con nosotros hoy mismo para obtener m\u00e1s informaci\u00f3n.","og_url":"https:\/\/zionhealthcarellc.com\/es\/servicios","og_site_name":"Zion Health Care LLC","article_modified_time":"2025-09-14T14:09:21+00:00","og_image":[{"width":1500,"height":653,"url":"http:\/\/zionhealthcarellc.com\/wp-content\/uploads\/2021\/02\/zion-about.jpg","type":"image\/jpeg"}],"twitter_card":"summary_large_image","twitter_image":"https:\/\/zionhealthcarellc.com\/wp-content\/uploads\/2021\/02\/zion-about.jpg","schema":{"@context":"https:\/\/schema.org","@graph":[{"@type":"WebPage","@id":"https:\/\/zionhealthcarellc.com\/es\/servicios","url":"https:\/\/zionhealthcarellc.com\/es\/servicios","name":"Servicios - Zion Health Care LLC","isPartOf":{"@id":"https:\/\/zionhealthcarellc.com\/es#website"},"datePublished":"2021-02-23T05:04:12+00:00","dateModified":"2025-09-14T14:09:21+00:00","description":"En Zion Healthcare LLC en Miami, FL, siempre nos esforzamos por brindar a nuestros pacientes la atenci\u00f3n m\u00e9dica de primer nivel que merecen. Tambi\u00e9n ofrecemos asistencia muy necesaria a trav\u00e9s de nuestros servicios sociales, transporte complementario, entre otros. Si est\u00e1 interesado, p\u00f3ngase en contacto con nosotros hoy mismo para obtener m\u00e1s informaci\u00f3n.","breadcrumb":{"@id":"https:\/\/zionhealthcarellc.com\/es\/servicios#breadcrumb"},"inLanguage":"es","potentialAction":[{"@type":"ReadAction","target":["https:\/\/zionhealthcarellc.com\/es\/servicios"]}]},{"@type":"BreadcrumbList","@id":"https:\/\/zionhealthcarellc.com\/es\/servicios#breadcrumb","itemListElement":[{"@type":"ListItem","position":1,"name":"Home","item":"https:\/\/zionhealthcarellc.com\/es"},{"@type":"ListItem","position":2,"name":"Servicios"}]},{"@type":"WebSite","@id":"https:\/\/zionhealthcarellc.com\/es#website","url":"https:\/\/zionhealthcarellc.com\/es","name":"Zion Health Care LLC","description":"","publisher":{"@id":"https:\/\/zionhealthcarellc.com\/es#organization"},"potentialAction":[{"@type":"SearchAction","target":{"@type":"EntryPoint","urlTemplate":"https:\/\/zionhealthcarellc.com\/es?s={search_term_string}"},"query-input":{"@type":"PropertyValueSpecification","valueRequired":true,"valueName":"search_term_string"}}],"inLanguage":"es"},{"@type":"Organization","@id":"https:\/\/zionhealthcarellc.com\/es#organization","name":"Zion Healthcare LLC","url":"https:\/\/zionhealthcarellc.com\/es","logo":{"@type":"ImageObject","inLanguage":"es","@id":"https:\/\/zionhealthcarellc.com\/es#\/schema\/logo\/image\/","url":"https:\/\/7h9e64.p3cdn1.secureserver.net\/wp-content\/uploads\/2019\/08\/favicon1.png?time=1694185308","contentUrl":"https:\/\/7h9e64.p3cdn1.secureserver.net\/wp-content\/uploads\/2019\/08\/favicon1.png?time=1694185308","width":448,"height":449,"caption":"Zion Healthcare LLC"},"image":{"@id":"https:\/\/zionhealthcarellc.com\/es#\/schema\/logo\/image\/"}}]}},"meta_box":{"zhcllc-hero-slides":[],"zhcllc-services-section-title":"","zhcllc-services-section-description":"","zhcllc-services-section-items":[],"zhcllc-about-cards-items":[],"zhcllc-testimonials-items":[],"zhcllc-services-cards":[{"zhcllc-service-id":"asistencia","zhcllc-service-icon":["517"],"zhcllc-service-name":"Servicios Sociales","zhcllc-service-description":"<p>Ayudamos a nuestros pacientes a adquirir informaci\u00f3n de los servicios sociales y el sistema m\u00e9dico para satisfacer todas sus necesidades. Desde asistencia y terapia de salud mental hasta inscripciones en programas de asistencia social, Zion Health Care se enfoca en cumplir con las metas m\u00e9dicas y de bienestar de toda su familia.<\/p><p>Somos parte del programa comunitario ACCESS que ayuda a nuestros pacientes a aprovechar los recursos proporcionados por el Departamento de Ni\u00f1os y Familia de la Florida. Estos programas de asistencia p\u00fablica incluyen Cupones para Alimentos, Medicaid, entre otros.<\/p><ul><li>Asistencia de salud mental<\/li><li>Visita con trabajador social<\/li><li>Programas para personas mayores y personas de necesidades especiales<\/li><li>Seminarios de salud<\/li><\/ul>","zhcllc-service-cta-label":"Ll\u00e1menos para asistencia","zhcllc-service-cta-phone":"(786) 515-7800"},{"zhcllc-service-id":"gimnasio","zhcllc-service-icon":["522"],"zhcllc-service-name":"Centro de Bienestar y Gimnasio","zhcllc-service-description":"<p>Como parte de nuestro compromiso con el paciente, Zion Health Care inaugur\u00f3 un nuevo centro de bienestar y gimnasio para todos nuestros miembros. Aqu\u00ed ofrecemos una variedad de programas y servicios, como planes de alimentaci\u00f3n personalizados, asistencia alimentaria y masajes terap\u00e9uticos.<\/p><ul><li>Gimnasio<\/li><li>Masajes Terap\u00e9uticos<\/li><li>Asistencia Alimentaria<\/li><\/ul>"},{"zhcllc-service-id":"inmigracion","zhcllc-service-icon":["519"],"zhcllc-service-name":"Examen de inmigraci\u00f3n","zhcllc-service-description":"<p>Nuestros m\u00e9dicos est\u00e1n autorizados por el Servicio de Inmigraci\u00f3n y Ciudadan\u00eda de los Estados Unidos como cirujanos civiles autorizados para realizar los ex\u00e1menes m\u00e9dicos de inmigraci\u00f3n.<\/p><p>Como parte de nuestros servicios proporcionamos una lista detallada de lo que hace falta antes de su examen m\u00e9dico. Ll\u00e1menos hoy y aprenda m\u00e1s sobre nuestros servicios m\u00e9dicos de inmigraci\u00f3n. Para obtener m\u00e1s informaci\u00f3n, visite https:\/\/www.uscis.gov\/i-693<\/p>"},{"zhcllc-service-id":"medicamentos","zhcllc-service-icon":["521"],"zhcllc-service-name":"Dispensario de Medicamentos ","zhcllc-service-description":"<p>Ahorre dinero y tiempo con nuestro dispensario de medicamentos ubicados en cada una de nuestras cl\u00ednicas exclusivamente para pacientes de Zion Health Care. Lo que hace m\u00e1s f\u00e1cil y r\u00e1pido la entrega de sus recetas y el suministro de sus medicamentos. Logrando as\u00ed, que nuestro servicio sea \u00fanico y especial, cubriendo siempre todas las necesidades de forma m\u00e1s conveniente para nuestros pacientes.\u00a0\u00a0\u00a0\u00a0\u00a0\u00a0<\/p><ul><li>Surtidos de Recetas M\u00e9dicas<\/li><li>Consultas de Cobertura de Medicamentos<\/li><\/ul>","zhcllc-service-cta-label":"Ll\u00e1menos para surtir sus prescripciones","zhcllc-service-cta-phone":"(786) 515-7800"},{"zhcllc-service-id":"transporte","zhcllc-service-icon":["518"],"zhcllc-service-name":"Transporte","zhcllc-service-description":"<p>Llegar a Zion Health Care es f\u00e1cil con el transporte gratuito a nuestras instalaciones para su conveniencia. Nuestros conductores amables y confiables lo llevar\u00e1n a su cita de manera segura y puntual, siguiendo todas las pautas recomendadas por el Centro de Control y Prevenci\u00f3n de Enfermedades para la prevenci\u00f3n de la propagaci\u00f3n del coronavirus.<\/p><ul><li>Veh\u00edculos nuevos y c\u00f3modos<\/li><li>Recogida y Retorno a tiempo<\/li><li>Conductores seguros y confiables<\/li><\/ul>","zhcllc-service-cta-label":"Ll\u00e1menos para programar una recogida","zhcllc-service-cta-phone":"(786) 515-7800"},{"zhcllc-service-id":"doctores","zhcllc-service-icon":["520"],"zhcllc-service-name":"Atenci\u00f3n Primaria y Especialistas","zhcllc-service-description":"<p>En Zion Health Care ofrecemos servicios m\u00e9dicos y de salud para satisfacer todas sus necesidades, desde m\u00e9dicos de atenci\u00f3n primaria para ni\u00f1os y adultos de todas las edades, hasta atenci\u00f3n dental y especialistas en salud femenina.<\/p><ul><li>Servicios de salud mental<\/li><li>Servicios Ginecol\u00f3gicos<\/li><li>Cuidado dental y otras especialidades<\/li><li>Servicios pedi\u00e1tricos<\/li><li>Servicios de laboratorio<\/li><li>Vacunas e inmunizaciones (FLSHOTS)<\/li><\/ul>","zhcllc-service-cta-label":"Ll\u00e1menos para programar una consulta","zhcllc-service-cta-phone":"(786) 515-7800"}],"zhcllc-about-mission-header":"","zhcllc-about-mission-description":"","zhcllc-faq-header":"","zhcllc-faq-items":[],"zhcllc-resources-header":"","zhcllc-resources-items":[],"zhcllc-careers-header":"","zhcllc-careers-description":""},"_links":{"self":[{"href":"https:\/\/zionhealthcarellc.com\/es\/wp-json\/wp\/v2\/pages\/523","targetHints":{"allow":["GET"]}}],"collection":[{"href":"https:\/\/zionhealthcarellc.com\/es\/wp-json\/wp\/v2\/pages"}],"about":[{"href":"https:\/\/zionhealthcarellc.com\/es\/wp-json\/wp\/v2\/types\/page"}],"author":[{"embeddable":true,"href":"https:\/\/zionhealthcarellc.com\/es\/wp-json\/wp\/v2\/users\/3"}],"replies":[{"embeddable":true,"href":"https:\/\/zionhealthcarellc.com\/es\/wp-json\/wp\/v2\/comments?post=523"}],"version-history":[{"count":1,"href":"https:\/\/zionhealthcarellc.com\/es\/wp-json\/wp\/v2\/pages\/523\/revisions"}],"predecessor-version":[{"id":524,"href":"https:\/\/zionhealthcarellc.com\/es\/wp-json\/wp\/v2\/pages\/523\/revisions\/524"}],"wp:attachment":[{"href":"https:\/\/zionhealthcarellc.com\/es\/wp-json\/wp\/v2\/media?parent=523"}],"curies":[{"name":"wp","href":"https:\/\/api.w.org\/{rel}","templated":true}]}}