{"id":490,"date":"2021-02-23T04:12:32","date_gmt":"2021-02-23T04:12:32","guid":{"rendered":"https:\/\/www.zionhealthcarellc.com\/?page_id=490"},"modified":"2025-09-14T18:50:43","modified_gmt":"2025-09-14T18:50:43","slug":"inicio","status":"publish","type":"page","link":"https:\/\/zionhealthcarellc.com\/es","title":{"rendered":"Inicio"},"content":{"rendered":"","protected":false},"excerpt":{"rendered":"","protected":false},"author":3,"featured_media":0,"parent":0,"menu_order":0,"comment_status":"closed","ping_status":"closed","template":"template-home.php","meta":{"footnotes":""},"class_list":["post-490","page","type-page","status-publish","hentry"],"yoast_head":"<!-- This site is optimized with the Yoast SEO plugin v25.9 - https:\/\/yoast.com\/wordpress\/plugins\/seo\/ -->\n<title>Servicios M\u00e9dicos Personalizados en Miami y Hialeah - Zion Health Care LLC<\/title>\n<meta name=\"description\" content=\"Zion Health Care es una instituci\u00f3n dedicada a la medicina de familia. Contamos con un equipo de m\u00e9dicos, enfermeras y personal especializado que est\u00e1n dedicados a darle una atenci\u00f3n m\u00e9dica personalizada y de primera calidad, as\u00ed como a servir y ayudar a nuestra comunidad.\" \/>\n<meta name=\"robots\" content=\"index, follow, max-snippet:-1, max-image-preview:large, max-video-preview:-1\" \/>\n<link rel=\"canonical\" href=\"https:\/\/zionhealthcarellc.com\/es\" \/>\n<meta property=\"og:locale\" content=\"es_ES\" \/>\n<meta property=\"og:type\" content=\"article\" \/>\n<meta property=\"og:title\" content=\"Servicios M\u00e9dicos Personalizados en Miami y Hialeah - Zion Health Care LLC\" \/>\n<meta property=\"og:description\" content=\"Zion Health Care es una instituci\u00f3n dedicada a la medicina de familia. Contamos con un equipo de m\u00e9dicos, enfermeras y personal especializado que est\u00e1n dedicados a darle una atenci\u00f3n m\u00e9dica personalizada y de primera calidad, as\u00ed como a servir y ayudar a nuestra comunidad.\" \/>\n<meta property=\"og:url\" content=\"https:\/\/zionhealthcarellc.com\/es\" \/>\n<meta property=\"og:site_name\" content=\"Zion Health Care LLC\" \/>\n<meta property=\"article:modified_time\" content=\"2025-09-14T18:50:43+00:00\" \/>\n<meta property=\"og:image\" content=\"https:\/\/zionhealthcarellc.com\/wp-content\/uploads\/2021\/02\/zion-about.jpg\" \/>\n\t<meta property=\"og:image:width\" content=\"1500\" \/>\n\t<meta property=\"og:image:height\" content=\"653\" \/>\n\t<meta property=\"og:image:type\" content=\"image\/jpeg\" \/>\n<meta name=\"twitter:card\" content=\"summary_large_image\" \/>\n<script type=\"application\/ld+json\" class=\"yoast-schema-graph\">{\"@context\":\"https:\/\/schema.org\",\"@graph\":[{\"@type\":\"WebPage\",\"@id\":\"https:\/\/zionhealthcarellc.com\/es\",\"url\":\"https:\/\/zionhealthcarellc.com\/es\",\"name\":\"Servicios M\u00e9dicos Personalizados en Miami y Hialeah - Zion Health Care LLC\",\"isPartOf\":{\"@id\":\"https:\/\/zionhealthcarellc.com\/es#website\"},\"datePublished\":\"2021-02-23T04:12:32+00:00\",\"dateModified\":\"2025-09-14T18:50:43+00:00\",\"description\":\"Zion Health Care es una instituci\u00f3n dedicada a la medicina de familia. Contamos con un equipo de m\u00e9dicos, enfermeras y personal especializado que est\u00e1n dedicados a darle una atenci\u00f3n m\u00e9dica personalizada y de primera calidad, as\u00ed como a servir y ayudar a nuestra comunidad.\",\"breadcrumb\":{\"@id\":\"https:\/\/zionhealthcarellc.com\/es#breadcrumb\"},\"inLanguage\":\"es\",\"potentialAction\":[{\"@type\":\"ReadAction\",\"target\":[\"https:\/\/zionhealthcarellc.com\/es\"]}]},{\"@type\":\"BreadcrumbList\",\"@id\":\"https:\/\/zionhealthcarellc.com\/es#breadcrumb\",\"itemListElement\":[{\"@type\":\"ListItem\",\"position\":1,\"name\":\"Home\",\"item\":\"https:\/\/zionhealthcarellc.com\/es\"},{\"@type\":\"ListItem\",\"position\":2,\"name\":\"Inicio\"}]},{\"@type\":\"WebSite\",\"@id\":\"https:\/\/zionhealthcarellc.com\/es#website\",\"url\":\"https:\/\/zionhealthcarellc.com\/es\",\"name\":\"Zion Health Care LLC\",\"description\":\"\",\"publisher\":{\"@id\":\"https:\/\/zionhealthcarellc.com\/es#organization\"},\"potentialAction\":[{\"@type\":\"SearchAction\",\"target\":{\"@type\":\"EntryPoint\",\"urlTemplate\":\"https:\/\/zionhealthcarellc.com\/es?s={search_term_string}\"},\"query-input\":{\"@type\":\"PropertyValueSpecification\",\"valueRequired\":true,\"valueName\":\"search_term_string\"}}],\"inLanguage\":\"es\"},{\"@type\":\"Organization\",\"@id\":\"https:\/\/zionhealthcarellc.com\/es#organization\",\"name\":\"Zion Healthcare LLC\",\"url\":\"https:\/\/zionhealthcarellc.com\/es\",\"logo\":{\"@type\":\"ImageObject\",\"inLanguage\":\"es\",\"@id\":\"https:\/\/zionhealthcarellc.com\/es#\/schema\/logo\/image\/\",\"url\":\"https:\/\/7h9e64.p3cdn1.secureserver.net\/wp-content\/uploads\/2019\/08\/favicon1.png?time=1694185308\",\"contentUrl\":\"https:\/\/7h9e64.p3cdn1.secureserver.net\/wp-content\/uploads\/2019\/08\/favicon1.png?time=1694185308\",\"width\":448,\"height\":449,\"caption\":\"Zion Healthcare LLC\"},\"image\":{\"@id\":\"https:\/\/zionhealthcarellc.com\/es#\/schema\/logo\/image\/\"}}]}<\/script>\n<!-- \/ Yoast SEO plugin. -->","yoast_head_json":{"title":"Servicios M\u00e9dicos Personalizados en Miami y Hialeah - Zion Health Care LLC","description":"Zion Health Care es una instituci\u00f3n dedicada a la medicina de familia. Contamos con un equipo de m\u00e9dicos, enfermeras y personal especializado que est\u00e1n dedicados a darle una atenci\u00f3n m\u00e9dica personalizada y de primera calidad, as\u00ed como a servir y ayudar a nuestra comunidad.","robots":{"index":"index","follow":"follow","max-snippet":"max-snippet:-1","max-image-preview":"max-image-preview:large","max-video-preview":"max-video-preview:-1"},"canonical":"https:\/\/zionhealthcarellc.com\/es","og_locale":"es_ES","og_type":"article","og_title":"Servicios M\u00e9dicos Personalizados en Miami y Hialeah - Zion Health Care LLC","og_description":"Zion Health Care es una instituci\u00f3n dedicada a la medicina de familia. Contamos con un equipo de m\u00e9dicos, enfermeras y personal especializado que est\u00e1n dedicados a darle una atenci\u00f3n m\u00e9dica personalizada y de primera calidad, as\u00ed como a servir y ayudar a nuestra comunidad.","og_url":"https:\/\/zionhealthcarellc.com\/es","og_site_name":"Zion Health Care LLC","article_modified_time":"2025-09-14T18:50:43+00:00","og_image":[{"width":1500,"height":653,"url":"https:\/\/zionhealthcarellc.com\/wp-content\/uploads\/2021\/02\/zion-about.jpg","type":"image\/jpeg"}],"twitter_card":"summary_large_image","schema":{"@context":"https:\/\/schema.org","@graph":[{"@type":"WebPage","@id":"https:\/\/zionhealthcarellc.com\/es","url":"https:\/\/zionhealthcarellc.com\/es","name":"Servicios M\u00e9dicos Personalizados en Miami y Hialeah - Zion Health Care LLC","isPartOf":{"@id":"https:\/\/zionhealthcarellc.com\/es#website"},"datePublished":"2021-02-23T04:12:32+00:00","dateModified":"2025-09-14T18:50:43+00:00","description":"Zion Health Care es una instituci\u00f3n dedicada a la medicina de familia. Contamos con un equipo de m\u00e9dicos, enfermeras y personal especializado que est\u00e1n dedicados a darle una atenci\u00f3n m\u00e9dica personalizada y de primera calidad, as\u00ed como a servir y ayudar a nuestra comunidad.","breadcrumb":{"@id":"https:\/\/zionhealthcarellc.com\/es#breadcrumb"},"inLanguage":"es","potentialAction":[{"@type":"ReadAction","target":["https:\/\/zionhealthcarellc.com\/es"]}]},{"@type":"BreadcrumbList","@id":"https:\/\/zionhealthcarellc.com\/es#breadcrumb","itemListElement":[{"@type":"ListItem","position":1,"name":"Home","item":"https:\/\/zionhealthcarellc.com\/es"},{"@type":"ListItem","position":2,"name":"Inicio"}]},{"@type":"WebSite","@id":"https:\/\/zionhealthcarellc.com\/es#website","url":"https:\/\/zionhealthcarellc.com\/es","name":"Zion Health Care LLC","description":"","publisher":{"@id":"https:\/\/zionhealthcarellc.com\/es#organization"},"potentialAction":[{"@type":"SearchAction","target":{"@type":"EntryPoint","urlTemplate":"https:\/\/zionhealthcarellc.com\/es?s={search_term_string}"},"query-input":{"@type":"PropertyValueSpecification","valueRequired":true,"valueName":"search_term_string"}}],"inLanguage":"es"},{"@type":"Organization","@id":"https:\/\/zionhealthcarellc.com\/es#organization","name":"Zion Healthcare LLC","url":"https:\/\/zionhealthcarellc.com\/es","logo":{"@type":"ImageObject","inLanguage":"es","@id":"https:\/\/zionhealthcarellc.com\/es#\/schema\/logo\/image\/","url":"https:\/\/7h9e64.p3cdn1.secureserver.net\/wp-content\/uploads\/2019\/08\/favicon1.png?time=1694185308","contentUrl":"https:\/\/7h9e64.p3cdn1.secureserver.net\/wp-content\/uploads\/2019\/08\/favicon1.png?time=1694185308","width":448,"height":449,"caption":"Zion Healthcare LLC"},"image":{"@id":"https:\/\/zionhealthcarellc.com\/es#\/schema\/logo\/image\/"}}]}},"meta_box":{"zhcllc-hero-slides":[{"zhcllc-hero-slide-image":["588"],"zhcllc-hero-slide-category":"Noticias Actualizadas","zhcllc-hero-slide-title":"Hoja de consejos:\r\n<strong>La atenci\u00f3n de salud preventiva<\/strong>","zhcllc-hero-slide-description":"La prevenci\u00f3n de las enfermedades es clave para mejorar la salud de los ciudadanos y mantener bajo control el aumento de los costos de salud.","zhcllc-hero-slide-button":"Lee m\u00e1s","zhcllc-hero-slide-permalink":"http:\/\/zionhealthcarellc.com\/es\/articulos\/hoja-de-consejos-atencion-de-salud-preventiva"},{"zhcllc-hero-slide-image":["624"],"zhcllc-hero-slide-category":"Art\u00edculos","zhcllc-hero-slide-title":"<strong>Los CDC y el sector de la salud responden a un caso de viruela del mono<\/strong>","zhcllc-hero-slide-description":"El caso fue detectado despu\u00e9s de que se detectaran conglomerados de viruela s\u00edmica o viruela del mono en varios pa\u00edses.","zhcllc-hero-slide-button":"Leer M\u00e1s","zhcllc-hero-slide-permalink":"http:\/\/zionhealthcarellc.com\/es\/articulos\/los-cdc-y-el-sector-de-la-salud-responden-a-un-caso-de-viruela-del-mono"},{"zhcllc-hero-slide-image":["604"],"zhcllc-hero-slide-category":"Noticias Actualizadas","zhcllc-hero-slide-title":"<strong>Vida saludable<\/strong>","zhcllc-hero-slide-description":"Los buenos h\u00e1bitos de salud pueden permitirle evitar una enfermedad y mejorar su calidad de vida. Las siguientes medidas le ayudar\u00e1n a sentirse y vivir mejor.","zhcllc-hero-slide-button":"Leer M\u00e1s","zhcllc-hero-slide-permalink":"http:\/\/zionhealthcarellc.com\/es\/articulos\/vida-saludable"},{"zhcllc-hero-slide-image":["541"],"zhcllc-hero-slide-category":"Noticias Actualizadas","zhcllc-hero-slide-title":"Cinco maneras f\u00e1ciles de prevenir <strong>la transmisi\u00f3n del Coronavirus<\/strong>","zhcllc-hero-slide-description":"Seg\u00fan el Centro para el Control y La Prevenci\u00f3n de Enfermedades (CDC), hay algunas cosas que todos podemos hacer para ayudar a desacelerar la propagaci\u00f3n de Covid-19.","zhcllc-hero-slide-button":"Leer M\u00e1s","zhcllc-hero-slide-permalink":"http:\/\/zionhealthcarellc.com\/es\/articulos\/cinco-maneras-faciles-de-prevenir-la-transmision-del-coronavirus"}],"zhcllc-services-section-title":"Servicio Atento\r\n<strong>y Confiable<\/strong>","zhcllc-services-section-description":"Cuidar la salud y el bienestar no tiene que ser dif\u00edcil con un aliado como Zion Health Care. Estamos listos para ayudar a nuestros pacientes a lograr bienestar general y satisfacer sus necesidades espec\u00edficas de atenci\u00f3n m\u00e9dica. Cuenta con un equipo de m\u00e9dicos, enfermeras, enfermeras practicantes y m\u00e9dicos de salud mental dedicados a darle atenci\u00f3n m\u00e9dica personalizada y de primera calidad.","zhcllc-services-section-items":[{"zhcllc-services-section-item-icon":["517"],"zhcllc-services-section-item-title":"Servicios\r\nSociales"},{"zhcllc-services-section-item-icon":["518"],"zhcllc-services-section-item-title":"Transporte\r\nGratuito"},{"zhcllc-services-section-item-icon":["519"],"zhcllc-services-section-item-title":"Ex\u00e1menes de Salud\r\nde Inmigraci\u00f3n"},{"zhcllc-services-section-item-icon":["520"],"zhcllc-services-section-item-title":"Atenci\u00f3n Primaria\r\ny Especialistas"},{"zhcllc-services-section-item-icon":["521"],"zhcllc-services-section-item-title":"Servicios de\r\nFarmacia"},{"zhcllc-services-section-item-icon":["522"],"zhcllc-services-section-item-title":"Centro de Bienestar\r\ny Gimnasio"}],"zhcllc-about-cards-items":[{"zhcllc-about-cards-item-image":["513"],"zhcllc-about-cards-item-title":"Quienes Somos","zhcllc-about-cards-item-description":"Zion Health Care abri\u00f3 sus puertas en el 2011 como un centro de atenci\u00f3n m\u00e9dica y de bienestar con el prop\u00f3sito de servir a la comunidad. Con m\u00e1s de 60 a\u00f1os de experiencia en el \u00e1rea de la medicina, nuestros m\u00e9dicos utilizan las \u00faltimas innovaciones y t\u00e9cnicas para garantizar la mejor atenci\u00f3n m\u00e9dica para los pacientes de todas las edades. En Zion Health Care, no solo queremos tratar enfermedades sino tambi\u00e9n prevenirlas. Creemos que a trav\u00e9s de la educaci\u00f3n podemos ayudar a nuestros pacientes a lograr el bienestar de su salud. Nuestro equipo de profesionales de atenci\u00f3n m\u00e9dica no solo est\u00e1 altamente calificado en tratar enfermedades agudas y \/ o cr\u00f3nicas, sino tambi\u00e9n en el mantenimiento de la salud en general y mental durante sus visitas anuales."},{"zhcllc-about-cards-item-image":["514"],"zhcllc-about-cards-item-title":"Una vida m\u00e1s saludable","zhcllc-about-cards-item-description":"En Zion Health Care, nuestros planes y tratamientos m\u00e9dicos est\u00e1n basados en un enfoque hol\u00edstico e individualizado. Creemos que las necesidades de cada paciente son \u00fanicas y requieren un enfoque cl\u00ednico personalizado. Nuestros planes de atenci\u00f3n m\u00e9dica est\u00e1n dise\u00f1ados no solo para tratar las enfermedades, sino tambi\u00e9n para prevenirlas. Como defensores de la salud mental y m\u00e9dica, animamos a todos nuestros pacientes que hagan peque\u00f1os cambios de estilo de vida que pueden resultar en beneficios duraderos."}],"zhcllc-testimonials-items":[{"zhcllc-testimonial-item-quote":"Excelente atenci\u00f3n, el personal fue muy amable y atento. Recomiendo este sitio a todos.","zhcllc-testimonial-item-author":"Ana C., March 2019"},{"zhcllc-testimonial-item-quote":"Me gust\u00f3 la estancia en la oficina. El trato de la doctora y el equipo de trabajo muy profesional.una calidad humana de primera recomiendo la cl\u00ednica a todos aquellos que necesiten de una buena atenci\u00f3n m\u00e9dica.","zhcllc-testimonial-item-author":"Manuel Y., December 2018"},{"zhcllc-testimonial-item-quote":"Personal amable y profesional.","zhcllc-testimonial-item-author":"Daniel C., November 2018"},{"zhcllc-testimonial-item-quote":"Excelentes m\u00e9dicos Dr. Allen y Dr. Pascual cuidan a sus pacientes. Definitivamente lo recomiendo","zhcllc-testimonial-item-author":"Stella M., 2018"}],"zhcllc-services-cards":[],"zhcllc-about-mission-header":"","zhcllc-about-mission-description":"","zhcllc-faq-header":"","zhcllc-faq-items":[],"zhcllc-resources-header":"","zhcllc-resources-items":[],"zhcllc-careers-header":"","zhcllc-careers-description":""},"_links":{"self":[{"href":"https:\/\/zionhealthcarellc.com\/es\/wp-json\/wp\/v2\/pages\/490","targetHints":{"allow":["GET"]}}],"collection":[{"href":"https:\/\/zionhealthcarellc.com\/es\/wp-json\/wp\/v2\/pages"}],"about":[{"href":"https:\/\/zionhealthcarellc.com\/es\/wp-json\/wp\/v2\/types\/page"}],"author":[{"embeddable":true,"href":"https:\/\/zionhealthcarellc.com\/es\/wp-json\/wp\/v2\/users\/3"}],"replies":[{"embeddable":true,"href":"https:\/\/zionhealthcarellc.com\/es\/wp-json\/wp\/v2\/comments?post=490"}],"version-history":[{"count":1,"href":"https:\/\/zionhealthcarellc.com\/es\/wp-json\/wp\/v2\/pages\/490\/revisions"}],"predecessor-version":[{"id":491,"href":"https:\/\/zionhealthcarellc.com\/es\/wp-json\/wp\/v2\/pages\/490\/revisions\/491"}],"wp:attachment":[{"href":"https:\/\/zionhealthcarellc.com\/es\/wp-json\/wp\/v2\/media?parent=490"}],"curies":[{"name":"wp","href":"https:\/\/api.w.org\/{rel}","templated":true}]}}